{"id":2,"date":"2020-11-14T14:09:41","date_gmt":"2020-11-14T07:09:41","guid":{"rendered":"https:\/\/anygard.vn\/baohanh\/?page_id=2"},"modified":"2025-06-22T10:35:39","modified_gmt":"2025-06-22T03:35:39","slug":"home","status":"publish","type":"page","link":"https:\/\/anygard.vn\/baohanh\/","title":{"rendered":"Home"},"content":{"rendered":"<h1>Tra c\u1ee9u b\u1ea3o h\u00e0nh \u0111i\u1ec7n t\u1eed<br \/>\n<\/h1>\n<div>\n<p>Tra c\u1ee9u th\u00f4ng tin b\u1ea3o h\u00e0nh phim c\u00e1ch nhi\u1ec7t cho xe c\u1ee7a b\u1ea1n<\/p>\n<\/div>\n<div>    <form id=\"yo-search-form\" class=\"uk-search uk-width-1-1 uk-margin\" method=\"get\">\n        <div class=\"uk-grid-small\" uk-grid>\n            <div class=\"uk-width-1-5@s\">\n                <select id=\"yo_type\" name=\"yo_type\" class=\"uk-select\" style=\"min-width:100px;\">\n                    <option value=\"post\" selected>Xe<\/option>\n                    <option value=\"yo_product\">C\u00f4ng tr\u00ecnh<\/option>\n                <\/select>\n            <\/div>\n            <div class=\"uk-width-4-5@s\">\n                <input class=\"uk-input\" type=\"text\" name=\"yo_query\" id=\"yo_query\"\n                       placeholder=\"Nh\u1eadp bi\u1ec3n s\u1ed1 ho\u1eb7c s\u1ed1 \u0111i\u1ec7n tho\u1ea1i b\u1ea1n \u0111\u0103ng k\u00fd b\u1ea3o h\u00e0nh\">\n            <\/div>\n        <\/div>\n        <div class=\"uk-margin-top uk-text-center\">\n            <a href=\"#yo-search-results\" id=\"yo-search-submit\" class=\"uk-button uk-button-primary uk-button-large\">\n                TRA C\u1ee8U NGAY\n            <\/a>\n        <\/div>\n    <\/form>\n    <script src=\"https:\/\/cdn.jsdelivr.net\/npm\/html2canvas@1.4.1\/dist\/html2canvas.min.js\"><\/script>\n    <script>\n    jQuery(function($){\n        \/\/ Trigger form submit on link click\n        $('#yo-search-submit').on('click', function(e){\n            e.preventDefault();\n            $('#yo-search-form').submit();\n        });\n\n        $('#yo-search-form').on('submit', function(e){\n            e.preventDefault();\n            var data = {\n                action: 'yo_search_action',\n                yo_query: $('#yo_query').val().trim(),\n                yo_type:  $('#yo_type').val()\n            };\n            \/\/ Show loading in external container\n            $('#yo-search-results').html('<div class=\"uk-alert-primary\" uk-alert><span uk-spinner><\/span> \u0110ang t\u00ecm ki\u1ebfm...<\/div>');\n\n            \/\/ AJAX request\n            $.post('https:\/\/anygard.vn\/baohanh\/wp-admin\/admin-ajax.php', data, function(res){\n                $('#yo-search-results').html(res);\n                \/\/ Scroll to results\n                if ($('#yo-search-results').length) {\n                    $('html, body').animate({\n                        scrollTop: $('#yo-search-results').offset().top - 20\n                    }, 500);\n                }\n            });\n        });\n\n        \/\/ Certificate download handler\n        $(document).on('click', '.bh-cert-download', function(){\n            var target = $(this).data('target');\n            html2canvas(document.getElementById(target), {useCORS: true, scale: 2}).then(function(canvas) {\n                var link = document.createElement('a');\n                link.download = 'giay-bao-hanh.png';\n                link.href = canvas.toDataURL('image\/png');\n                link.click();\n            });\n        });\n    });\n    <\/script>\n    \u00a0<\/div>\n<div>\n<div id=\"yo-search-results\" class=\"\"><\/div>\n<\/div>\n<p><!--more--><br \/>\n<!-- {\"type\":\"layout\",\"children\":[{\"type\":\"section\",\"props\":{\"height\":\"section\",\"height_offset_top\":true,\"image\":\"wp-content\\\/uploads\\\/2020\\\/11\\\/12.jpg\",\"image_position\":\"center-center\",\"image_size\":\"cover\",\"media_overlay\":\"rgba(0, 0, 0, 0.29)\",\"overlap\":false,\"preserve_color\":false,\"style\":\"default\",\"title_breakpoint\":\"xl\",\"title_position\":\"top-left\",\"title_rotation\":\"left\",\"vertical_align\":\"middle\",\"width\":\"default\"},\"children\":[{\"type\":\"row\",\"children\":[{\"type\":\"column\",\"props\":{\"image_position\":\"center-center\",\"position_sticky_breakpoint\":\"m\"},\"children\":[{\"type\":\"headline\",\"props\":{\"content\":\"Tra c\\u1ee9u b\\u1ea3o h\\u00e0nh \\u0111i\\u1ec7n t\\u1eed\\n\",\"text_align\":\"center\",\"title_element\":\"h1\"}},{\"type\":\"text\",\"props\":{\"column_breakpoint\":\"m\",\"content\":\"\n\n<p>Tra c\\u1ee9u th\\u00f4ng tin b\\u1ea3o h\\u00e0nh phim c\\u00e1ch nhi\\u1ec7t cho xe c\\u1ee7a b\\u1ea1n<\\\/p>\",\"css\":\".el-element{\\n    color: #fff;\\n}\",\"margin\":\"default\",\"text_align\":\"center\"}},{\"type\":\"text\",\"props\":{\"block_align\":\"center\",\"column_breakpoint\":\"m\",\"content\":\"[yo_search]\\u00a0\",\"margin\":\"default\",\"maxwidth\":\"xlarge\",\"text_align\":\"center\"}}]}]}]},{\"type\":\"section\",\"props\":{\"image_position\":\"center-center\",\"padding\":\"none\",\"style\":\"default\",\"title_breakpoint\":\"xl\",\"title_position\":\"top-left\",\"title_rotation\":\"left\",\"vertical_align\":\"middle\",\"width\":\"default\"},\"children\":[{\"type\":\"row\",\"children\":[{\"type\":\"column\",\"props\":{\"image_position\":\"center-center\",\"position_sticky_breakpoint\":\"m\"},\"children\":[{\"type\":\"html\",\"props\":{\"content\":\"\n\n<div id=\\\"yo-search-results\\\" class=\\\"\\\"><\\\/div>\",\"id\":\"results\"}}]}]}]}],\"version\":\"4.5.7\"} --><\/p>\n","protected":false},"excerpt":{"rendered":"<p>Tra c\u1ee9u b\u1ea3o h\u00e0nh \u0111i\u1ec7n t\u1eed Tra c\u1ee9u th\u00f4ng tin b\u1ea3o h\u00e0nh phim c\u00e1ch nhi\u1ec7t cho xe c\u1ee7a b\u1ea1n \u00a0<\/p>\n","protected":false},"author":1,"featured_media":0,"parent":0,"menu_order":0,"comment_status":"closed","ping_status":"closed","template":"","meta":{"footnotes":""},"class_list":["post-2","page","type-page","status-publish","hentry"],"_links":{"self":[{"href":"https:\/\/anygard.vn\/baohanh\/wp-json\/wp\/v2\/pages\/2","targetHints":{"allow":["GET"]}}],"collection":[{"href":"https:\/\/anygard.vn\/baohanh\/wp-json\/wp\/v2\/pages"}],"about":[{"href":"https:\/\/anygard.vn\/baohanh\/wp-json\/wp\/v2\/types\/page"}],"author":[{"embeddable":true,"href":"https:\/\/anygard.vn\/baohanh\/wp-json\/wp\/v2\/users\/1"}],"replies":[{"embeddable":true,"href":"https:\/\/anygard.vn\/baohanh\/wp-json\/wp\/v2\/comments?post=2"}],"version-history":[{"count":1,"href":"https:\/\/anygard.vn\/baohanh\/wp-json\/wp\/v2\/pages\/2\/revisions"}],"predecessor-version":[{"id":9415,"href":"https:\/\/anygard.vn\/baohanh\/wp-json\/wp\/v2\/pages\/2\/revisions\/9415"}],"wp:attachment":[{"href":"https:\/\/anygard.vn\/baohanh\/wp-json\/wp\/v2\/media?parent=2"}],"curies":[{"name":"wp","href":"https:\/\/api.w.org\/{rel}","templated":true}]}}